{"id":5699,"date":"2022-03-15T11:24:21","date_gmt":"2022-03-15T10:24:21","guid":{"rendered":"https:\/\/www.woodrive.eu\/?post_type=product&#038;p=5699"},"modified":"2024-06-03T11:46:08","modified_gmt":"2024-06-03T09:46:08","slug":"avtomatski-drsni-sistem-woodrive-e","status":"publish","type":"product","link":"https:\/\/www.woodrive.eu\/sl\/izdelek\/avtomatski-drsni-sistem-woodrive-e\/","title":{"rendered":"Woodrive E &#8211; avtomatski drsni sistem"},"content":{"rendered":"","protected":false},"excerpt":{"rendered":"<p>Avtomatski drsni sistem Woodrive E ponujamo v izvedbi hrasta in oreha. Sistem vsebuje baterije katere polnimo s pomo\u010djo prenosne baterije \u2013 power bank, ki je prilo\u017eena v embala\u017ei. Polne baterije zadostujejo za pribli\u017eno 300-500 odpiran\/zapiranj vratnega krila. Namestitev je hitra in enostavna ter ne zahteva dodatnih elektri\u010dnih in\u0161talacij. Lesen avtomatski sistem Woodrive E upravljamo preko senzorjev in mobilne aplikacije, ki nam omogo\u010da prilagajanje na\u010dina delovanja in prikazuje stanje baterije. Woodrive E je univerzalen, zato ga lahko vgradimo na poljubno drsno vratno krilo, debeline 40 \u00b12 mm. Sistem se prilagodi te\u017ei vrat, smeri odpiranja in dol\u017eini vodila. Vodilo lahko po \u017eelji in potrebi podalj\u0161amo. Ve\u010d v samem opisu izdelka.<\/p>\n<p>&nbsp;<\/p>\n<p>Naro\u010dilo vsebuje avtomatski drsni sistem WooDrive E, brez vratnega krila.<\/p>\n<p>&nbsp;<\/p>\n<p>Za naro\u010dilo notranjih vrat oddajte povpra\u0161evanje na<a href=\"https:\/\/www.melu-doors.com\"><span style=\"color: #000000;\"><strong> MELU<\/strong><\/span>.<\/a><\/p>\n<p>&nbsp;<\/p>\n<p><strong>Drevesne vrste:<\/strong><\/p>\n<div style=\"width: 100%; margin-top: 15px; display: inline-block;\">\n<div id=\"attachment_6549\" class=\"wp-caption alignleft\" style=\"width: 45%;\">\n<p><a class=\"mkdf-ig-lightbox\" href=\"https:\/\/www.woodrive.eu\/wp-content\/uploads\/2022\/07\/hrast_lezeca.jpg\"><img loading=\"lazy\" decoding=\"async\" class=\"wp-image-6549\" src=\"https:\/\/www.woodrive.eu\/wp-content\/uploads\/2022\/07\/hrast_lezeca-300x100.jpg\" alt=\"Hrast\" width=\"250\" height=\"83\" srcset=\"https:\/\/www.woodrive.eu\/wp-content\/uploads\/2022\/07\/hrast_lezeca-300x100.jpg 300w, https:\/\/www.woodrive.eu\/wp-content\/uploads\/2022\/07\/hrast_lezeca.jpg 600w\" sizes=\"auto, (max-width: 250px) 100vw, 250px\" \/><\/a><\/p>\n<p id=\"caption-attachment-6549\" class=\"wp-caption-text\" align=\"center\">Hrast<\/p>\n<\/div>\n<div id=\"attachment_6552\" class=\"wp-caption alignright\" style=\"width: 45%;\">\n<p><a class=\"mkdf-ig-lightbox\" href=\"https:\/\/www.woodrive.eu\/wp-content\/uploads\/2022\/07\/oreh_lezeca.jpg\"><img loading=\"lazy\" decoding=\"async\" class=\"wp-image-6552\" src=\"https:\/\/www.woodrive.eu\/wp-content\/uploads\/2022\/07\/oreh_lezeca-300x100.jpg\" alt=\"Oreh\" width=\"250\" height=\"83\" srcset=\"https:\/\/www.woodrive.eu\/wp-content\/uploads\/2022\/07\/oreh_lezeca-300x100.jpg 300w, https:\/\/www.woodrive.eu\/wp-content\/uploads\/2022\/07\/oreh_lezeca.jpg 600w\" sizes=\"auto, (max-width: 250px) 100vw, 250px\" \/><\/a><\/p>\n<p id=\"caption-attachment-6552\" class=\"wp-caption-text\" align=\"center\">Oreh<\/p>\n<\/div>\n<\/div>\n<div style=\"width: 100%; margin-top: 25px; display: inline-block;\">\n<table border=\"0\" width=\"100%\" cellspacing=\"5\" cellpadding=\"5\">\n<tbody>\n<tr>\n<td style=\"vertical-align: middle;\" align=\"center\"><a href=\"https:\/\/apps.apple.com\/si\/app\/woodrive-by-melu\/id6468082392\" target=\"_blank\" rel=\"noopener\"><img decoding=\"async\" src=\"https:\/\/www.woodrive.eu\/wp-content\/uploads\/2024\/05\/app-store.png\" alt=\"Nalo\u017ei aplikacijo\" width=\"110\" \/><\/a><\/td>\n<td style=\"vertical-align: middle;\" align=\"center\"><a href=\"https:\/\/play.google.com\/store\/apps\/details?id=woodrive.melu&amp;hl=en_IN\" target=\"_blank\" rel=\"noopener\"><img decoding=\"async\" src=\"https:\/\/www.woodrive.eu\/wp-content\/uploads\/2024\/05\/google-play.png\" alt=\"Nalo\u017ei aplikacijo\" width=\"125\" \/><\/a><\/td>\n<td align=\"center\" valign=\"top\"><img loading=\"lazy\" decoding=\"async\" class=\"wp-image-6559 size-thumbnail\" src=\"https:\/\/www.woodrive.eu\/wp-content\/uploads\/2024\/05\/power-bank-woodrive.png\" alt=\"Power bank\" width=\"87\" height=\"91\" \/><\/td>\n<\/tr>\n<tr>\n<td align=\"center\">Nalo\u017ei aplikacijo<\/td>\n<td align=\"center\">Nalo\u017ei aplikacijo<\/td>\n<td align=\"center\">Power bank<\/td>\n<\/tr>\n<\/tbody>\n<\/table>\n<\/div>\n<div class=\"popup-btn-wrapper\"><a id=\"contactPopupSI\" class=\"vc_general vc_btn3 vc_btn3-size-lg vc_btn3-shape-square vc_btn3-style-classic vc_btn3-color-black\" title=\"\" href=\"#\">Hitro povpra\u0161evanje<\/a><\/div>\n","protected":false},"featured_media":12041,"template":"","meta":{"footnotes":""},"product_cat":[108],"product_tag":[],"class_list":{"0":"post-5699","1":"product","2":"type-product","3":"status-publish","4":"has-post-thumbnail","6":"product_cat-drsni-mehanizmi","8":"first","9":"instock","10":"taxable","11":"shipping-taxable","12":"product-type-simple"},"_links":{"self":[{"href":"https:\/\/www.woodrive.eu\/sl\/wp-json\/wp\/v2\/product\/5699","targetHints":{"allow":["GET"]}}],"collection":[{"href":"https:\/\/www.woodrive.eu\/sl\/wp-json\/wp\/v2\/product"}],"about":[{"href":"https:\/\/www.woodrive.eu\/sl\/wp-json\/wp\/v2\/types\/product"}],"version-history":[{"count":30,"href":"https:\/\/www.woodrive.eu\/sl\/wp-json\/wp\/v2\/product\/5699\/revisions"}],"predecessor-version":[{"id":12884,"href":"https:\/\/www.woodrive.eu\/sl\/wp-json\/wp\/v2\/product\/5699\/revisions\/12884"}],"wp:featuredmedia":[{"embeddable":true,"href":"https:\/\/www.woodrive.eu\/sl\/wp-json\/wp\/v2\/media\/12041"}],"wp:attachment":[{"href":"https:\/\/www.woodrive.eu\/sl\/wp-json\/wp\/v2\/media?parent=5699"}],"wp:term":[{"taxonomy":"product_cat","embeddable":true,"href":"https:\/\/www.woodrive.eu\/sl\/wp-json\/wp\/v2\/product_cat?post=5699"},{"taxonomy":"product_tag","embeddable":true,"href":"https:\/\/www.woodrive.eu\/sl\/wp-json\/wp\/v2\/product_tag?post=5699"}],"curies":[{"name":"wp","href":"https:\/\/api.w.org\/{rel}","templated":true}]}}