{"id":5698,"date":"2022-03-15T11:20:12","date_gmt":"2022-03-15T10:20:12","guid":{"rendered":"https:\/\/www.woodrive.eu\/?post_type=product&#038;p=5698"},"modified":"2024-05-23T15:04:34","modified_gmt":"2024-05-23T13:04:34","slug":"drsni-sistem-woodrive-m","status":"publish","type":"product","link":"https:\/\/www.woodrive.eu\/sl\/izdelek\/drsni-sistem-woodrive-m\/","title":{"rendered":"Woodrive M &#8211; ro\u010dni drsni sistem"},"content":{"rendered":"","protected":false},"excerpt":{"rendered":"<p>Drsni sistem Woodrive M je tako funkcionalna kot tudi estetska popestritev ambienta. Je univerzalen in primeren za vgradnjo na katerokoli vratno krilo. Lepo se poda tako na lesena kot tudi barvana notranja vrata. V ponudbi je drsno okovje v hrastu in orehu. Natan\u010dna in nazorno prikazana navodila omogo\u010dajo enostavno monta\u017eo.<\/p>\n<p>&nbsp;<\/p>\n<p>Naro\u010dilo vsebuje drsni sistem WooDrive M, brez\u00a0 vratnega krila.<\/p>\n<p>&nbsp;<\/p>\n<p>Za naro\u010dilo notranjih vrat oddajte povpra\u0161evanje na <a class=\"link_trgovina\" href=\"https:\/\/www.melu-doors.com\" target=\"_blank\" rel=\"noopener\"><strong><span style=\"color: #000000;\">MELU<\/span><\/strong><\/a>.<\/p>\n<p>&nbsp;<\/p>\n<p><strong>Drevesne vrste:<\/strong><\/p>\n<p>[caption id=\"attachment_6549\" align=\"alignleft\" width=\"250\"]<a class=\"mkdf-ig-lightbox\" href=\"https:\/\/www.woodrive.eu\/wp-content\/uploads\/2022\/07\/hrast_lezeca.jpg\" data-rel=\"prettyPhoto[image_gallery_pretty_photo-989]\"><img loading=\"lazy\" decoding=\"async\" class=\"wp-image-6549\" src=\"https:\/\/www.woodrive.eu\/wp-content\/uploads\/2022\/07\/hrast_lezeca-300x100.jpg\" alt=\"Hrast\" width=\"250\" height=\"83\" srcset=\"https:\/\/www.woodrive.eu\/wp-content\/uploads\/2022\/07\/hrast_lezeca-300x100.jpg 300w, https:\/\/www.woodrive.eu\/wp-content\/uploads\/2022\/07\/hrast_lezeca.jpg 600w\" sizes=\"auto, (max-width: 250px) 100vw, 250px\" \/><\/a> Hrast[\/caption][caption id=\"attachment_6552\" align=\"alignleft\" width=\"250\"]<a class=\"mkdf-ig-lightbox\" href=\"https:\/\/www.woodrive.eu\/wp-content\/uploads\/2022\/07\/oreh_lezeca.jpg\" data-rel=\"prettyPhoto[image_gallery_pretty_photo-989]\"><img loading=\"lazy\" decoding=\"async\" class=\"wp-image-6552\" src=\"https:\/\/www.woodrive.eu\/wp-content\/uploads\/2022\/07\/oreh_lezeca-300x100.jpg\" alt=\"Oreh\" width=\"250\" height=\"83\" srcset=\"https:\/\/www.woodrive.eu\/wp-content\/uploads\/2022\/07\/oreh_lezeca-300x100.jpg 300w, https:\/\/www.woodrive.eu\/wp-content\/uploads\/2022\/07\/oreh_lezeca.jpg 600w\" sizes=\"auto, (max-width: 250px) 100vw, 250px\" \/><\/a> Oreh[\/caption]<\/p>\n<div class=\"popup-btn-wrapper\"><a title=\"\" href=\"#\" id=\"contactPopupSI\" class=\"vc_general vc_btn3 vc_btn3-size-lg vc_btn3-shape-square vc_btn3-style-classic vc_btn3-color-black\">Hitro povpra\u0161evanje<\/a><\/div>\n","protected":false},"featured_media":12746,"template":"","meta":{"footnotes":""},"product_cat":[108],"product_tag":[],"class_list":{"0":"post-5698","1":"product","2":"type-product","3":"status-publish","4":"has-post-thumbnail","6":"product_cat-drsni-mehanizmi","8":"first","9":"instock","10":"taxable","11":"shipping-taxable","12":"product-type-simple"},"_links":{"self":[{"href":"https:\/\/www.woodrive.eu\/sl\/wp-json\/wp\/v2\/product\/5698","targetHints":{"allow":["GET"]}}],"collection":[{"href":"https:\/\/www.woodrive.eu\/sl\/wp-json\/wp\/v2\/product"}],"about":[{"href":"https:\/\/www.woodrive.eu\/sl\/wp-json\/wp\/v2\/types\/product"}],"version-history":[{"count":12,"href":"https:\/\/www.woodrive.eu\/sl\/wp-json\/wp\/v2\/product\/5698\/revisions"}],"predecessor-version":[{"id":12862,"href":"https:\/\/www.woodrive.eu\/sl\/wp-json\/wp\/v2\/product\/5698\/revisions\/12862"}],"wp:featuredmedia":[{"embeddable":true,"href":"https:\/\/www.woodrive.eu\/sl\/wp-json\/wp\/v2\/media\/12746"}],"wp:attachment":[{"href":"https:\/\/www.woodrive.eu\/sl\/wp-json\/wp\/v2\/media?parent=5698"}],"wp:term":[{"taxonomy":"product_cat","embeddable":true,"href":"https:\/\/www.woodrive.eu\/sl\/wp-json\/wp\/v2\/product_cat?post=5698"},{"taxonomy":"product_tag","embeddable":true,"href":"https:\/\/www.woodrive.eu\/sl\/wp-json\/wp\/v2\/product_tag?post=5698"}],"curies":[{"name":"wp","href":"https:\/\/api.w.org\/{rel}","templated":true}]}}