{"id":5611,"date":"2022-02-10T10:51:01","date_gmt":"2022-02-10T09:51:01","guid":{"rendered":"https:\/\/www.woodrive.eu\/home-bela\/"},"modified":"2024-05-08T12:19:53","modified_gmt":"2024-05-08T10:19:53","slug":"home-bela","status":"publish","type":"page","link":"https:\/\/www.woodrive.eu\/sl\/","title":{"rendered":"Domov"},"content":{"rendered":"<p>[vc_row][vc_column][rev_slider_vc alias=&#8221;banner&#8221; enable_paspartu=&#8221;no&#8221; el_class=&#8221;slider&#8221;][\/vc_column][\/vc_row][vc_row row_content_width=&#8221;grid&#8221; css=&#8221;.vc_custom_1552041649526{padding-bottom: 0px !important;}&#8221;][vc_column css=&#8221;.vc_custom_1552986131022{margin-top: -10% !important;}&#8221;]<div class=\"mkdf-elements-holder   mkdf-three-columns  mkdf-responsive-mode-768 \" ><div class=\"mkdf-eh-item    \"  data-item-class=\"mkdf-eh-custom-3846\" data-1025-1366=\"50px 20px 0 0\" data-769-1024=\"20px 15px 0 0\" data-681-768=\"0 0 50px 0\" data-680=\"0 0 50px 0\">\n\t<div class=\"mkdf-eh-item-inner\">\n\t\t<div class=\"mkdf-eh-item-content mkdf-eh-custom-3846\" style=\"padding: 80px 20px 0 0\">\n\t\t\t<div class=\"mkdf-banner-holder  mkdf-visible-on-hover\">\n    <div class=\"mkdf-banner-image\">\n        <img loading=\"lazy\" decoding=\"async\" width=\"983\" height=\"905\" src=\"https:\/\/www.woodrive.eu\/wp-content\/uploads\/2023\/10\/homepage-woodrive-m.jpg\" class=\"attachment-full size-full\" alt=\"Drsni sistemi Woodrive.\" srcset=\"https:\/\/www.woodrive.eu\/wp-content\/uploads\/2023\/10\/homepage-woodrive-m.jpg 983w, https:\/\/www.woodrive.eu\/wp-content\/uploads\/2023\/10\/homepage-woodrive-m-300x276.jpg 300w, https:\/\/www.woodrive.eu\/wp-content\/uploads\/2023\/10\/homepage-woodrive-m-768x707.jpg 768w, https:\/\/www.woodrive.eu\/wp-content\/uploads\/2023\/10\/homepage-woodrive-m-600x552.jpg 600w\" sizes=\"auto, (max-width: 983px) 100vw, 983px\" \/>    <\/div>\n    <div class=\"mkdf-banner-text-holder\" style=\"background-image: url(https:\/\/www.woodrive.eu\/wp-content\/uploads\/2022\/09\/Woodrive_M_skica_manual_sliding_system.jpg);background-repeat: no-repeat;background-size: cover\">\n\t    <div class=\"mkdf-banner-text-outer\">\n\t\t    <div class=\"mkdf-banner-text-inner\">\n\t\t    \t\t\t    <div class=\"mkdf-image-icon\">\n\t\t\t\t    <img loading=\"lazy\" decoding=\"async\" width=\"43\" height=\"46\" src=\"https:\/\/www.woodrive.eu\/wp-content\/uploads\/2022\/04\/woodrive-m-ikona-1.png\" class=\"attachment-full size-full\" alt=\"woodrive-m-ikona\" \/>\t\t\t    <\/div>\n\t\t    \t\t    \t\t\t    <h5 class=\"mkdf-banner-title\" >\n\t\t\t        Woodrive M\t\t        <\/h5>\n\t\t    \t\t        \t\t            <h6 class=\"mkdf-banner-subtitle\" >\n\t\t\t            Lesen ro\u010dni sistem za drsna vrata\t\t            <\/h6>\n\t\t        \t\t\t\t\t\t\t<\/div>\n\t\t<\/div>\n\t<\/div>\n\t        <a itemprop=\"url\" class=\"mkdf-banner-link\" href=\"\/sl\/izdelek\/woodrive-m\/\" target=\"_self\"><\/a>\n    <\/div>\t\t<\/div>\n\t<\/div>\n<\/div><div class=\"mkdf-eh-item    \"  data-item-class=\"mkdf-eh-custom-4616\" data-1025-1366=\"50px 0 0 20px\" data-769-1024=\"20px 0 0 15px\" data-681-768=\"0 0\" data-680=\"0 0\">\n\t<div class=\"mkdf-eh-item-inner\">\n\t\t<div class=\"mkdf-eh-item-content mkdf-eh-custom-4616\" style=\"padding: 80px 0 0 20px\">\n\t\t\t<div class=\"mkdf-banner-holder  mkdf-visible-on-hover\">\n    <div class=\"mkdf-banner-image\">\n        <img loading=\"lazy\" decoding=\"async\" width=\"983\" height=\"905\" src=\"https:\/\/www.woodrive.eu\/wp-content\/uploads\/2023\/10\/homepage-woodrive-e.jpg\" class=\"attachment-full size-full\" alt=\"Drsni sistemi Woodrive E, avtomatski lesen drsni sistem\" srcset=\"https:\/\/www.woodrive.eu\/wp-content\/uploads\/2023\/10\/homepage-woodrive-e.jpg 983w, https:\/\/www.woodrive.eu\/wp-content\/uploads\/2023\/10\/homepage-woodrive-e-300x276.jpg 300w, https:\/\/www.woodrive.eu\/wp-content\/uploads\/2023\/10\/homepage-woodrive-e-768x707.jpg 768w, https:\/\/www.woodrive.eu\/wp-content\/uploads\/2023\/10\/homepage-woodrive-e-600x552.jpg 600w\" sizes=\"auto, (max-width: 983px) 100vw, 983px\" \/>    <\/div>\n    <div class=\"mkdf-banner-text-holder\" style=\"background-image: url(https:\/\/www.woodrive.eu\/wp-content\/uploads\/2022\/09\/Woodrive_E_skica_automatic_sliding_system.jpg);background-repeat: no-repeat;background-size: cover\">\n\t    <div class=\"mkdf-banner-text-outer\">\n\t\t    <div class=\"mkdf-banner-text-inner\">\n\t\t    \t\t\t    <div class=\"mkdf-image-icon\">\n\t\t\t\t    <img loading=\"lazy\" decoding=\"async\" width=\"42\" height=\"46\" src=\"https:\/\/www.woodrive.eu\/wp-content\/uploads\/2022\/04\/woodrive-e-ikona-1.png\" class=\"attachment-full size-full\" alt=\"Woodrive E ikona\" \/>\t\t\t    <\/div>\n\t\t    \t\t    \t\t\t    <h5 class=\"mkdf-banner-title\" >\n\t\t\t        Woodrive E\t\t        <\/h5>\n\t\t    \t\t        \t\t            <h6 class=\"mkdf-banner-subtitle\" >\n\t\t\t            Lesen avtomatski sistem za drsna vrata\t\t            <\/h6>\n\t\t        \t\t\t\t\t\t\t<\/div>\n\t\t<\/div>\n\t<\/div>\n\t        <a itemprop=\"url\" class=\"mkdf-banner-link\" href=\"\/sl\/izdelek\/woodrive-e\/\" target=\"_self\"><\/a>\n    <\/div>\t\t<\/div>\n\t<\/div>\n<\/div><\/div>[vc_empty_space height=&#8221;50px&#8221;][\/vc_column][\/vc_row][vc_row row_content_width=&#8221;grid&#8221; css=&#8221;.vc_custom_1656674120692{padding-top: 50px !important;padding-bottom: 20px !important;}&#8221;][vc_column offset=&#8221;vc_col-lg-7 vc_col-md-12&#8243;]<div class=\"mkdf-elements-holder   mkdf-one-column  mkdf-responsive-mode-768 \" ><div class=\"mkdf-eh-item    \"  data-item-class=\"mkdf-eh-custom-8636\" data-1025-1366=\"0 16% 0 0\" data-769-1024=\"0 18% 35px 0\" data-681-768=\"0 16% 35px 0\" data-680=\"0 0 35px 0\">\n\t<div class=\"mkdf-eh-item-inner\">\n\t\t<div class=\"mkdf-eh-item-content mkdf-eh-custom-8636\" style=\"padding: 0 27% 0 0\">\n\t\t\t<div class=\"mkdf-section-title-holder  \" style=\"text-align: left\">\n\t<div class=\"mkdf-st-inner\">\n\t\t\t\t\t\t\t<h2 class=\"mkdf-st-title\" style=\"color: #000000\">\n\t\t\t\tINOVATIVNI LESENI DRSNI SISTEMI\t\t\t<\/h2>\n\t\t\t\t\t\n\t\t\t\t\t<\/div>\n<\/div>[vc_empty_space height=&#8221;4px&#8221;][vc_column_text]V \u017eelji po soustvarjanju zdravega bivalnega okolja in edinstvenega dizajna, smo na trg lansirali prva lesena drsna sistema \u2013 <span style=\"color: #808080;\"><a style=\"color: #808080;\" href=\"https:\/\/www.woodrive.eu\/sl\/izdelek\/drsni-sistem-woodrive-m\/\">WooDrive M<\/a><\/span> (<span style=\"color: #000000;\">ro\u010dni drsni sistem<\/span>) in <a href=\"https:\/\/www.woodrive.eu\/sl\/izdelek\/avtomatski-drsni-sistem-woodrive-e\/\"><span style=\"color: #808080;\">WooDrive E<\/span><\/a> (<span style=\"color: #000000;\">avtomatski drsni sistem<\/span>). WooDrive E, kot nadgradnja osnovne funkcionalnosti, nudi avtomatsko odpiranje drsnih vrat s pomo\u010djo senzorjev gibanja in mobilne aplikacije.<\/p>\n<p>WooDrive drsni sistemi so tehnolo\u0161ko dovr\u0161eni in okolju prijazni. Poleg trajnostnega aspekta jih odlikujeta tudi hitra monta\u017ea, brez predhodne elektri\u010dne in\u0161talacije in enostavno rokovanje preko pametnega telefona.[\/vc_column_text][vc_empty_space]\t\t<\/div>\n\t<\/div>\n<\/div><\/div>[\/vc_column][vc_column width=&#8221;1\/3&#8243; offset=&#8221;vc_col-lg-3&#8243;][vc_column_text]<\/p>\n<h3 style=\"margin-top: 0px;\">Prednosti<\/h3>\n<p>[\/vc_column_text][vc_empty_space height=&#8221;7px&#8221;][vc_column_text]<\/p>\n<p style=\"text-align: left;\">&#8211; Lesen<\/p>\n<p>[\/vc_column_text][vc_column_text]<\/p>\n<p style=\"text-align: left;\">&#8211; Trajnosten<\/p>\n<p>[\/vc_column_text][vc_column_text]<\/p>\n<p style=\"text-align: left;\">&#8211; Univerzalen<\/p>\n<p>[\/vc_column_text][vc_column_text]<\/p>\n<p style=\"text-align: left;\">&#8211; Enostavna vgradnja in vzdr\u017eevanje<\/p>\n<p>[\/vc_column_text][vc_empty_space height=&#8221;50px&#8221;][\/vc_column][vc_column width=&#8221;1\/3&#8243; offset=&#8221;vc_col-lg-2 vc_col-md-4&#8243;][vc_column_text]<\/p>\n<h3 style=\"margin-top: 0px;\">Certifikati<\/h3>\n<p>[\/vc_column_text][vc_empty_space height=&#8221;7px&#8221;][vc_column_text]<\/p>\n<p style=\"text-align: left;\">&#8211; SQ certifikat<\/p>\n<p>[\/vc_column_text][vc_empty_space height=&#8221;10px&#8221;][\/vc_column][\/vc_row][vc_row content_placement=&#8221;middle&#8221; row_content_width=&#8221;grid&#8221; content_text_aligment=&#8221;center&#8221; css=&#8221;.vc_custom_1663764902190{margin-top: 20px !important;margin-bottom: 20px !important;}&#8221;][vc_column][vc_media_grid element_width=&#8221;2&#8243; item=&#8221;10668&#8243; grid_id=&#8221;vc_gid:1715163515089-e1144319-ef24-4&#8243; include=&#8221;12476,12766,12750,12473,12041,12464&#8243; el_id=&#8221;prva-stran&#8221;][\/vc_column][\/vc_row][vc_row disable_element=&#8221;yes&#8221; css=&#8221;.vc_custom_1656496271489{padding-right: 30px !important;padding-left: 30px !important;}&#8221;][vc_column]<div class=\"mkdf-portfolio-slider-holder\"><div class=\"mkdf-portfolio-list-holder mkdf-grid-list mkdf-pl-gallery mkdf-six-columns mkdf-normal-space   mkdf-pl-standard-shader    mkdf-pl-pag-no-pagination     mkdf-pag-below-slider \"  data-type=gallery data-item-type=gallery data-number-of-columns=six data-space-between-items=normal data-number-of-items=11 data-image-proportions=full data-enable-fixed-proportions=no data-enable-image-shadow=no data-orderby=date data-order=ASC data-item-style=standard-shader data-enable-title=yes data-title-tag=h5 data-enable-category=yes data-enable-count-images=yes data-enable-excerpt=no data-excerpt-length=20 data-pagination-type=no-pagination data-filter=no data-filter-order-by=name data-enable-article-animation=no data-portfolio-slider-on=yes data-enable-loop=no data-enable-autoplay=yes data-slider-speed=2000 data-slider-speed-animation=800 data-enable-navigation=no data-enable-pagination=no data-pagination-position=below-slider data-list-is-slider=yes data-custom-stylization=no data-max-num-pages=0 data-next-page=2>\n\t\t<div class=\"mkdf-pl-inner mkdf-outer-space mkdf-owl-slider mkdf-list-is-slider clearfix\">\n\t\t<p class=\"mkdf-pl-not-found\">Sorry, no posts matched your criteria.<\/p>\t<\/div>\n\t\n\t<\/div><\/div>[\/vc_column][\/vc_row][vc_row row_content_width=&#8221;grid&#8221; css=&#8221;.vc_custom_1658746560851{padding-top: 20px !important;padding-bottom: 0px !important;}&#8221;][vc_column offset=&#8221;vc_col-lg-4 vc_col-md-4&#8243;]<div class=\"mkdf-elements-holder   mkdf-one-column  mkdf-responsive-mode-768 \" ><div class=\"mkdf-eh-item    \"  data-item-class=\"mkdf-eh-custom-9961\" data-1025-1366=\"0px 0px 0px 0px\" data-769-1024=\"0px 2px 0px 13px\" data-681-768=\"0px 50px 0px 0px\" data-680=\"0px 11px 0px 0px\">\n\t<div class=\"mkdf-eh-item-inner\">\n\t\t<div class=\"mkdf-eh-item-content mkdf-eh-custom-9961\" style=\"padding: 0px 50px 0px 13px\">\n\t\t\t<div class=\"mkdf-iwt clearfix  mkdf-iwt-full-width-layout mkdf-iwt-icon-left mkdf-iwt-icon-medium\">\n\t<div class=\"mkdf-iwt-icon\">\n\t\t\t\t\t\t\t\t\t    <span class=\"mkdf-icon-shortcode mkdf-normal   mkdf-icon-medium\"  data-color=\"#000000\">\n                    <span aria-hidden=\"true\" class=\"mkdf-icon-linear-icons lnr lnr-home mkdf-icon-element\" style=\"color: #000000;font-size:30px\" ><\/span>            <\/span>\n\t\t\t\t\t\t<\/div>\n\t<div class=\"mkdf-iwt-content\" style=\"padding-left: 21px\">\n\t\t\t\t\t<h5 class=\"mkdf-iwt-title\" style=\"margin-top: 5px\">\n\t\t\t\t\t\t\t\t<span class=\"mkdf-iwt-title-text\">Brez predhodnega na\u010drtovanja<\/span>\n\t\t\t\t\t\t\t<\/h5>\n\t\t\t\t\t\t\t<p class=\"mkdf-iwt-text\" style=\"margin-top: 17px\">Monta\u017ea pogonov je izvedljiva brez dodatnih posegov v objekt in in\u0161talacij. Avtomatski pogon se polni preko prenosne baterije \u2013 powerbank-a.<\/p>\n\t\t\t<\/div>\n<\/div>\t\t<\/div>\n\t<\/div>\n<\/div><\/div>[vc_empty_space][\/vc_column][vc_column offset=&#8221;vc_col-lg-4 vc_col-md-4&#8243;]<div class=\"mkdf-elements-holder   mkdf-one-column  mkdf-responsive-mode-768 \" ><div class=\"mkdf-eh-item    \"  data-item-class=\"mkdf-eh-custom-7104\" data-1025-1366=\"0px 0px 0px 0px\" data-769-1024=\"0px 2px 0px 13px\" data-681-768=\"0px 50px 0px 0px\" data-680=\"0px 11px 0px 0px\">\n\t<div class=\"mkdf-eh-item-inner\">\n\t\t<div class=\"mkdf-eh-item-content mkdf-eh-custom-7104\" style=\"padding: 0px 50px 0px 13px\">\n\t\t\t<div class=\"mkdf-iwt clearfix  mkdf-iwt-full-width-layout mkdf-iwt-icon-left mkdf-iwt-icon-medium\">\n\t<div class=\"mkdf-iwt-icon\">\n\t\t\t\t\t\t\t\t\t    <span class=\"mkdf-icon-shortcode mkdf-normal   mkdf-icon-medium\"  data-color=\"#000000\">\n                    <span aria-hidden=\"true\" class=\"mkdf-icon-linear-icons lnr lnr-apartment mkdf-icon-element\" style=\"color: #000000;font-size:30px\" ><\/span>            <\/span>\n\t\t\t\t\t\t<\/div>\n\t<div class=\"mkdf-iwt-content\" style=\"padding-left: 21px\">\n\t\t\t\t\t<h5 class=\"mkdf-iwt-title\" style=\"margin-top: 5px\">\n\t\t\t\t\t\t\t\t<span class=\"mkdf-iwt-title-text\">Mo\u017enost nadgradnje?<\/span>\n\t\t\t\t\t\t\t<\/h5>\n\t\t\t\t\t\t\t<p class=\"mkdf-iwt-text\" style=\"margin-top: 17px\">WooDrive M je mo\u010d nadgraditi v avtomatski drsni sistem WooDrive E.<\/p>\n\t\t\t<\/div>\n<\/div>\t\t<\/div>\n\t<\/div>\n<\/div><\/div>[vc_empty_space][\/vc_column][vc_column offset=&#8221;vc_col-lg-4 vc_col-md-4&#8243;]<div class=\"mkdf-elements-holder   mkdf-one-column  mkdf-responsive-mode-768 \" ><div class=\"mkdf-eh-item    \"  data-item-class=\"mkdf-eh-custom-6983\" data-1025-1366=\"0px 0px 0px 0px\" data-769-1024=\"0px 2px 0px 13px\" data-681-768=\"0px 50px 0px 0px\" data-680=\"0px 11px 0px 0px\">\n\t<div class=\"mkdf-eh-item-inner\">\n\t\t<div class=\"mkdf-eh-item-content mkdf-eh-custom-6983\" style=\"padding: 0px 50px 0px 13px\">\n\t\t\t<div class=\"mkdf-iwt clearfix  mkdf-iwt-full-width-layout mkdf-iwt-icon-left mkdf-iwt-icon-medium\">\n\t<div class=\"mkdf-iwt-icon\">\n\t\t\t\t\t\t\t\t\t    <span class=\"mkdf-icon-shortcode mkdf-normal   mkdf-icon-medium\"  data-color=\"#000000\">\n                    <span aria-hidden=\"true\" class=\"mkdf-icon-linear-icons lnr lnr-leaf mkdf-icon-element\" style=\"color: #000000;font-size:30px\" ><\/span>            <\/span>\n\t\t\t\t\t\t<\/div>\n\t<div class=\"mkdf-iwt-content\" style=\"padding-left: 21px\">\n\t\t\t\t\t<h5 class=\"mkdf-iwt-title\" style=\"margin-top: 5px\">\n\t\t\t\t\t\t\t\t<span class=\"mkdf-iwt-title-text\">Okolju prijazen<\/span>\n\t\t\t\t\t\t\t<\/h5>\n\t\t\t\t\t\t\t<p class=\"mkdf-iwt-text\" style=\"margin-top: 17px\">Izdelki imajo certifikata FSC in PEFC, ki zagotavljata, da les izvira iz gozda, v katerem je zagotovljeno spo\u0161tovanje vnaprej opredeljenih okoljskih, dru\u017ebenih in eti\u010dnih standardov.<\/p>\n\t\t\t<\/div>\n<\/div>\t\t<\/div>\n\t<\/div>\n<\/div><\/div>[vc_empty_space][\/vc_column][\/vc_row][vc_row row_content_width=&#8221;grid&#8221; css=&#8221;.vc_custom_1658746574681{padding-top: 20px !important;padding-bottom: 50px !important;}&#8221;][vc_column offset=&#8221;vc_col-lg-4 vc_col-md-4&#8243;]<div class=\"mkdf-elements-holder   mkdf-one-column  mkdf-responsive-mode-768 \" ><div class=\"mkdf-eh-item    \"  data-item-class=\"mkdf-eh-custom-9262\" data-1025-1366=\"0px 0px 0px 0px\" data-769-1024=\"0px 2px 0px 13px\" data-681-768=\"0px 50px 0px 0px\" data-680=\"0px 11px 0px 0px\">\n\t<div class=\"mkdf-eh-item-inner\">\n\t\t<div class=\"mkdf-eh-item-content mkdf-eh-custom-9262\" style=\"padding: 0px 50px 0px 13px\">\n\t\t\t<div class=\"mkdf-iwt clearfix  mkdf-iwt-full-width-layout mkdf-iwt-icon-left mkdf-iwt-icon-medium\">\n\t<div class=\"mkdf-iwt-icon\">\n\t\t\t\t\t\t\t\t\t    <span class=\"mkdf-icon-shortcode mkdf-normal   mkdf-icon-medium\"  data-color=\"#000000\">\n                    <span aria-hidden=\"true\" class=\"mkdf-icon-linear-icons lnr lnr-cog mkdf-icon-element\" style=\"color: #000000;font-size:30px\" ><\/span>            <\/span>\n\t\t\t\t\t\t<\/div>\n\t<div class=\"mkdf-iwt-content\" style=\"padding-left: 21px\">\n\t\t\t\t\t<h5 class=\"mkdf-iwt-title\" style=\"margin-top: 5px\">\n\t\t\t\t\t\t\t\t<span class=\"mkdf-iwt-title-text\">Enostavna monta\u017ea<\/span>\n\t\t\t\t\t\t\t<\/h5>\n\t\t\t\t\t\t\t<p class=\"mkdf-iwt-text\" style=\"margin-top: 17px\">Uporabniku prijazna re\u0161itev nudi poleg prilo\u017eenih navodil tudi celovito video podporo skozi celoten monta\u017eni proces.<\/p>\n\t\t\t<\/div>\n<\/div>\t\t<\/div>\n\t<\/div>\n<\/div><\/div>[vc_empty_space][\/vc_column][vc_column offset=&#8221;vc_col-lg-4 vc_col-md-4&#8243;]<div class=\"mkdf-elements-holder   mkdf-one-column  mkdf-responsive-mode-768 \" ><div class=\"mkdf-eh-item    \"  data-item-class=\"mkdf-eh-custom-9439\" data-1025-1366=\"0px 0px 0px 0px\" data-769-1024=\"0px 2px 0px 13px\" data-681-768=\"0px 50px 0px 0px\" data-680=\"0px 11px 0px 0px\">\n\t<div class=\"mkdf-eh-item-inner\">\n\t\t<div class=\"mkdf-eh-item-content mkdf-eh-custom-9439\" style=\"padding: 0px 50px 0px 13px\">\n\t\t\t<div class=\"mkdf-iwt clearfix  mkdf-iwt-full-width-layout mkdf-iwt-icon-left mkdf-iwt-icon-medium\">\n\t<div class=\"mkdf-iwt-icon\">\n\t\t\t\t\t\t\t\t\t    <span class=\"mkdf-icon-shortcode mkdf-normal   mkdf-icon-medium\"  data-color=\"#000000\">\n                    <span aria-hidden=\"true\" class=\"mkdf-icon-linear-icons lnr lnr-earth mkdf-icon-element\" style=\"color: #000000;font-size:30px\" ><\/span>            <\/span>\n\t\t\t\t\t\t<\/div>\n\t<div class=\"mkdf-iwt-content\" style=\"padding-left: 21px\">\n\t\t\t\t\t<h5 class=\"mkdf-iwt-title\" style=\"margin-top: 5px\">\n\t\t\t\t\t\t\t\t<span class=\"mkdf-iwt-title-text\">Globalno dobavljiv<\/span>\n\t\t\t\t\t\t\t<\/h5>\n\t\t\t\t\t\t\t<p class=\"mkdf-iwt-text\" style=\"margin-top: 17px\">WooDrive drsni sistemi so pakirani v majhne priro\u010dne pakete in tako globalno dobavljivi.<\/p>\n\t\t\t<\/div>\n<\/div>\t\t<\/div>\n\t<\/div>\n<\/div><\/div>[vc_empty_space][\/vc_column][vc_column offset=&#8221;vc_col-lg-4 vc_col-md-4&#8243;]<div class=\"mkdf-elements-holder   mkdf-one-column  mkdf-responsive-mode-768 \" ><div class=\"mkdf-eh-item    \"  data-item-class=\"mkdf-eh-custom-9878\" data-1025-1366=\"0px 0px 0px 0px\" data-769-1024=\"0px 2px 0px 13px\" data-681-768=\"0px 50px 0px 0px\" data-680=\"0px 11px 0px 0px\">\n\t<div class=\"mkdf-eh-item-inner\">\n\t\t<div class=\"mkdf-eh-item-content mkdf-eh-custom-9878\" style=\"padding: 0px 50px 0px 13px\">\n\t\t\t<div class=\"mkdf-iwt clearfix  mkdf-iwt-full-width-layout mkdf-iwt-icon-left mkdf-iwt-icon-medium\">\n\t<div class=\"mkdf-iwt-icon\">\n\t\t\t\t\t\t\t\t\t    <span class=\"mkdf-icon-shortcode mkdf-normal   mkdf-icon-medium\"  data-color=\"#000000\">\n                    <span aria-hidden=\"true\" class=\"mkdf-icon-linear-icons lnr lnr-history mkdf-icon-element\" style=\"color: #000000;font-size:30px\" ><\/span>            <\/span>\n\t\t\t\t\t\t<\/div>\n\t<div class=\"mkdf-iwt-content\" style=\"padding-left: 21px\">\n\t\t\t\t\t<h5 class=\"mkdf-iwt-title\" style=\"margin-top: 5px\">\n\t\t\t\t\t\t\t\t<span class=\"mkdf-iwt-title-text\">Enostavno upravljanje<\/span>\n\t\t\t\t\t\t\t<\/h5>\n\t\t\t\t\t\t\t<p class=\"mkdf-iwt-text\" style=\"margin-top: 17px\">Upravljanje preko mobilne aplikacije, ki prikazuje stanje baterije. Napajanje s Power Bankom, kar omogo\u010da nemoteno delovanje tudi med polnjenjem.<\/p>\n\t\t\t<\/div>\n<\/div>\t\t<\/div>\n\t<\/div>\n<\/div><\/div>[vc_empty_space][\/vc_column][\/vc_row][vc_row content_text_aligment=&#8221;center&#8221; parallax_background_image=&#8221;10970&#8243;][vc_column]<div class=\"mkdf-elements-holder   mkdf-one-column  mkdf-responsive-mode-768 \" ><div class=\"mkdf-eh-item    \"  data-item-class=\"mkdf-eh-custom-6681\" data-1367-1600=\"210px 0\" data-1025-1366=\"210px 0\" data-769-1024=\"200px 0\" data-681-768=\"160px 0\" data-680=\"120px 0\">\n\t<div class=\"mkdf-eh-item-inner\">\n\t\t<div class=\"mkdf-eh-item-content mkdf-eh-custom-6681\" style=\"padding: 265px 0\">\n\t\t\t<div class=\"mkdf-video-button-holder  \">\n\t<div class=\"mkdf-video-button-image\">\n\t\t\t<\/div>\n\t\t<a class=\"mkdf-video-button-play-svg\" href=\"https:\/\/www.youtube.com\/watch?v=b3khO8ODOWA\" data-rel=\"prettyPhoto[video_button_pretty_photo_911]\" target=\"_blank\" rel=\"noopener\">\n\t\t\t<span class=\"mkdf-video-button-play-inner\">\n\t\t\t<svg xmlns=\"http:\/\/www.w3.org\/2000\/svg\" xmlns:xlink=\"http:\/\/www.w3.org\/1999\/xlink\" x=\"0px\" y=\"0px\"\n\t\t\t\twidth=\"55px\" height=\"55px\" viewBox=\"0 0 55 55\" enable-background=\"new 0 0 55 55\" xml:space=\"preserve\">\n\t\t\t\t<g>\n\t\t\t\t<circle fill=\"none\" stroke=\"#FFFFFF\" stroke-linecap=\"round\" stroke-linejoin=\"round\" stroke-miterlimit=\"10\" cx=\"27.333\" cy=\"27.584\" r=\"26.333\"\/>\n\t\t\t\t<circle fill=\"none\" stroke=\"#FFFFFF\" stroke-linecap=\"round\" stroke-linejoin=\"round\" stroke-miterlimit=\"10\" cx=\"27.333\" cy=\"27.584\" r=\"26.333\"\/>\n\t\t\t\t<polygon fill=\"none\" stroke=\"#FFFFFF\" stroke-linecap=\"round\" stroke-linejoin=\"round\" stroke-miterlimit=\"10\" points=\"\n\t\t\t\t17.989,13.143 17.989,42.024 41.774,27.584 \"\/>\n\t\t\t\t<polygon fill=\"none\" stroke=\"#FFFFFF\" stroke-linecap=\"round\" stroke-linejoin=\"round\" stroke-miterlimit=\"10\" points=\"\n\t\t\t\t17.989,13.143 17.989,42.024 41.774,27.584 \"\/>\n\t\t\t\t<\/g>\n\t\t\t<\/svg>\n\t\t\t<\/span>\n\t\t<\/a>\n<\/div>\t\t<\/div>\n\t<\/div>\n<\/div><\/div>[\/vc_column][\/vc_row][vc_row content_placement=&#8221;middle&#8221; row_content_width=&#8221;grid&#8221; css=&#8221;.vc_custom_1656674305880{padding-top: 70px !important;padding-bottom: 70px !important;}&#8221;][vc_column width=&#8221;1\/3&#8243;]<div class=\"mkdf-pie-chart-holder \">\n\t<div class=\"mkdf-pc-percentage\" data-percent=\"90\" data-bar-color=\"#8b8b8b\" data-track-color=\"transparent\">\n\t\t<span class=\"mkdf-pc-percent\" style=\"color: #000000\">90<\/span>\n\t<\/div>\n\t\t\t<div class=\"mkdf-pc-text-holder\">\n\t\t\t\t\t\t\t<h5 class=\"mkdf-pc-title\" >Lesen<\/h5>\n\t\t\t\t\t\t\t\t\t\t<p class=\"mkdf-pc-text\" >Vsi deli, razen vijakov, nosilcev in elektronike so izdelani iz certificiranega lesa.<\/p>\n\t\t\t\t\t<\/div>\n\t<\/div>[vc_empty_space height=&#8221;50px&#8221;][\/vc_column][vc_column width=&#8221;1\/3&#8243;]<div class=\"mkdf-pie-chart-holder \">\n\t<div class=\"mkdf-pc-percentage\" data-percent=\"100\" data-bar-color=\"#8b8b8b\" data-track-color=\"transparent\">\n\t\t<span class=\"mkdf-pc-percent\" style=\"color: #000000\">100<\/span>\n\t<\/div>\n\t\t\t<div class=\"mkdf-pc-text-holder\">\n\t\t\t\t\t\t\t<h5 class=\"mkdf-pc-title\" >Odgovorno gospodarjene s svetovnimi gozdovi<\/h5>\n\t\t\t\t\t\t\t\t\t\t<p class=\"mkdf-pc-text\" >Z nastankom izdelka niso bili ogro\u017eeni svetovni gozdni viri.<\/p>\n\t\t\t\t\t<\/div>\n\t<\/div>[vc_empty_space height=&#8221;50px&#8221;][\/vc_column][vc_column width=&#8221;1\/3&#8243;]<div class=\"mkdf-pie-chart-holder \">\n\t<div class=\"mkdf-pc-percentage\" data-percent=\"98\" data-bar-color=\"#8b8b8b\" data-track-color=\"transparent\">\n\t\t<span class=\"mkdf-pc-percent\" style=\"color: #000000\">98<\/span>\n\t<\/div>\n\t\t\t<div class=\"mkdf-pc-text-holder\">\n\t\t\t\t\t\t\t<h5 class=\"mkdf-pc-title\" >Trajnosten<\/h5>\n\t\t\t\t\t\t\t\t\t\t<p class=\"mkdf-pc-text\" >Vsi leseni deli so razgradljivi in tudi v zadnji fazi \u017eivljenjskega cikla nimajo negativnega vpliva na okolje.<\/p>\n\t\t\t\t\t<\/div>\n\t<\/div>[vc_empty_space height=&#8221;50px&#8221;][\/vc_column][\/vc_row][vc_row content_text_aligment=&#8221;center&#8221; parallax_background_image=&#8221;11833&#8243; css=&#8221;.vc_custom_1695740158504{padding-top: 140px !important;padding-bottom: 120px !important;}&#8221;][vc_column]<div class=\"mkdf-elements-holder   mkdf-one-column  mkdf-responsive-mode-768 \" ><div class=\"mkdf-eh-item    \"  data-item-class=\"mkdf-eh-custom-7285\" data-769-1024=\"0 10%\" data-681-768=\"0 10%\" data-680=\"0 8%\">\n\t<div class=\"mkdf-eh-item-inner\">\n\t\t<div class=\"mkdf-eh-item-content mkdf-eh-custom-7285\" >\n\t\t\t<div class=\"mkdf-section-title-holder  \" style=\"text-align: center\">\n\t<div class=\"mkdf-st-inner\">\n\t\t\t\t\t\t\t<h3 class=\"mkdf-st-title\" >\n\t\t\t\tSTOPITE V STIK Z NAMI\t\t\t<\/h3>\n\t\t\t\t\t\t\t<div class=\"mkdf-st-line\"><\/div>\n\t\t\t\t\t\n\t\t\t\t\t<\/div>\n<\/div>[vc_empty_space][vc_btn title=&#8221;Kontakt&#8221; style=&#8221;classic&#8221; shape=&#8221;square&#8221; color=&#8221;black&#8221; size=&#8221;lg&#8221; align=&#8221;center&#8221; css=&#8221;.vc_custom_1663579621786{padding-right: 10px !important;padding-left: 10px !important;}&#8221; link=&#8221;url:%2Fsl%2Fkontakt%2F&#8221;]\t\t<\/div>\n\t<\/div>\n<\/div><\/div>[\/vc_column][\/vc_row][vc_section full_width=&#8221;stretch_row&#8221;][vc_row row_content_width=&#8221;grid&#8221; css=&#8221;.vc_custom_1656494378018{padding-top: 100px !important;padding-bottom: 100px !important;}&#8221;][vc_column width=&#8221;1\/2&#8243;][\/vc_column][vc_column width=&#8221;1\/2&#8243;][\/vc_column][\/vc_row][\/vc_section]<\/p>\n","protected":false},"excerpt":{"rendered":"<p>[vc_row][vc_column][rev_slider_vc alias=&#8221;banner&#8221; enable_paspartu=&#8221;no&#8221; el_class=&#8221;slider&#8221;][\/vc_column][\/vc_row][vc_row row_content_width=&#8221;grid&#8221; css=&#8221;.vc_custom_1552041649526{padding-bottom: 0px !important;}&#8221;][vc_column css=&#8221;.vc_custom_1552986131022{margin-top: -10% !important;}&#8221;][vc_empty_space height=&#8221;50px&#8221;][\/vc_column][\/vc_row][vc_row row_content_width=&#8221;grid&#8221; css=&#8221;.vc_custom_1656674120692{padding-top: 50px !important;padding-bottom: 20px !important;}&#8221;][vc_column offset=&#8221;vc_col-lg-7 vc_col-md-12&#8243;][\/vc_column][vc_column width=&#8221;1\/3&#8243; offset=&#8221;vc_col-lg-3&#8243;][vc_column_text] Prednosti [\/vc_column_text][vc_empty_space height=&#8221;7px&#8221;][vc_column_text] &#8211; Lesen [\/vc_column_text][vc_column_text] &#8211; Trajnosten [\/vc_column_text][vc_column_text] &#8211; Univerzalen [\/vc_column_text][vc_column_text] &#8211; Enostavna vgradnja in vzdr\u017eevanje [\/vc_column_text][vc_empty_space height=&#8221;50px&#8221;][\/vc_column][vc_column width=&#8221;1\/3&#8243; offset=&#8221;vc_col-lg-2 vc_col-md-4&#8243;][vc_column_text] Certifikati [\/vc_column_text][vc_empty_space height=&#8221;7px&#8221;][vc_column_text] &#8211; SQ certifikat [&hellip;]<\/p>\n","protected":false},"author":1,"featured_media":0,"parent":0,"menu_order":0,"comment_status":"closed","ping_status":"closed","template":"full-width.php","meta":{"footnotes":""},"class_list":["post-5611","page","type-page","status-publish","hentry"],"_links":{"self":[{"href":"https:\/\/www.woodrive.eu\/sl\/wp-json\/wp\/v2\/pages\/5611","targetHints":{"allow":["GET"]}}],"collection":[{"href":"https:\/\/www.woodrive.eu\/sl\/wp-json\/wp\/v2\/pages"}],"about":[{"href":"https:\/\/www.woodrive.eu\/sl\/wp-json\/wp\/v2\/types\/page"}],"author":[{"embeddable":true,"href":"https:\/\/www.woodrive.eu\/sl\/wp-json\/wp\/v2\/users\/1"}],"replies":[{"embeddable":true,"href":"https:\/\/www.woodrive.eu\/sl\/wp-json\/wp\/v2\/comments?post=5611"}],"version-history":[{"count":0,"href":"https:\/\/www.woodrive.eu\/sl\/wp-json\/wp\/v2\/pages\/5611\/revisions"}],"wp:attachment":[{"href":"https:\/\/www.woodrive.eu\/sl\/wp-json\/wp\/v2\/media?parent=5611"}],"curies":[{"name":"wp","href":"https:\/\/api.w.org\/{rel}","templated":true}]}}