{"id":10920,"date":"2022-09-13T13:16:29","date_gmt":"2022-09-13T11:16:29","guid":{"rendered":"https:\/\/www.woodrive.eu\/?page_id=10920"},"modified":"2022-09-21T13:40:56","modified_gmt":"2022-09-21T11:40:56","slug":"placilni-pogoji","status":"publish","type":"page","link":"https:\/\/www.woodrive.eu\/sl\/placilni-pogoji\/","title":{"rendered":"Pla\u010dilni pogoji"},"content":{"rendered":"<p>[vc_row][vc_column][vc_empty_space height=&#8221;80px&#8221;][vc_column_text]<\/p>\n<div class=\"linki\">\n<p>Na\u010din pla\u010dila:<\/p>\n<ul>\n<li>Pla\u010dilo po predra\u010dunu<\/li>\n<li>Karti\u010dno pla\u010dilo<\/li>\n<li>Obro\u010dno odpla\u010devanje Leanpay<\/li>\n<\/ul>\n<p>&nbsp;<\/p>\n<p>PLA\u010cILO PO PREDRA\u010cUNU:<\/p>\n<p>Ob izbiri pla\u010dila po predra\u010dunu in potrditvi spletnega nakupa, na svoj elektronski naslov prejmete potrditev naro\u010dila. Na potrditvi so navedeni vsi podatki, ki jih potrebujete za uspe\u0161no izvedbo ban\u010dnega nakazila.<\/p>\n<p>&nbsp;<\/p>\n<p><u>Podatki za pla\u010dilo<\/u><\/p>\n<p>Melu d.o.o.<\/p>\n<p>Raduha 56, 3334 Lu\u010de, Slovenija<\/p>\n<p>SI56 0279 7026 4419 681<\/p>\n<p>Bic banke: LJBASI2X<\/p>\n<p>Namen pla\u010dila:\u00a0\u0161t. naro\u010dila<\/p>\n<p>&nbsp;<\/p>\n<p>KARTI\u010cNI NA\u010cIN PLA\u010cILA<\/p>\n<p>Eden od na\u010dinov pla\u010dila\u00a0 v spletni trgovini WooDrive je direktni nakup s pla\u010dilnimi karticami Maestro, MasterCard in Visa.<\/p>\n<p>&nbsp;<\/p>\n<p>&nbsp;<\/p>\n<p><img loading=\"lazy\" decoding=\"async\" class=\"alignleft wp-image-11083 size-full\" src=\"https:\/\/www.woodrive.eu\/wp-content\/uploads\/2022\/09\/maestro.png\" alt=\"\" width=\"256\" height=\"199\"><img loading=\"lazy\" decoding=\"async\" class=\"alignleft wp-image-11086 size-medium\" src=\"https:\/\/www.woodrive.eu\/wp-content\/uploads\/2022\/09\/Mastercard_light-300x225.png\" alt=\"\" width=\"300\" height=\"225\" srcset=\"https:\/\/www.woodrive.eu\/wp-content\/uploads\/2022\/09\/Mastercard_light-300x225.png 300w, https:\/\/www.woodrive.eu\/wp-content\/uploads\/2022\/09\/Mastercard_light-1024x767.png 1024w, https:\/\/www.woodrive.eu\/wp-content\/uploads\/2022\/09\/Mastercard_light-768x575.png 768w, https:\/\/www.woodrive.eu\/wp-content\/uploads\/2022\/09\/Mastercard_light-600x450.png 600w, https:\/\/www.woodrive.eu\/wp-content\/uploads\/2022\/09\/Mastercard_light.png 1364w\" sizes=\"auto, (max-width: 300px) 100vw, 300px\" \/><img loading=\"lazy\" decoding=\"async\" class=\"alignleft wp-image-11089 size-medium\" style=\"margin-bottom: 20px;\" src=\"https:\/\/www.woodrive.eu\/wp-content\/uploads\/2022\/09\/visa-secure-blk_72dpi-300x300.jpg\" alt=\"\" width=\"300\" height=\"300\" srcset=\"https:\/\/www.woodrive.eu\/wp-content\/uploads\/2022\/09\/visa-secure-blk_72dpi-300x300.jpg 300w, https:\/\/www.woodrive.eu\/wp-content\/uploads\/2022\/09\/visa-secure-blk_72dpi-150x150.jpg 150w, https:\/\/www.woodrive.eu\/wp-content\/uploads\/2022\/09\/visa-secure-blk_72dpi-100x100.jpg 100w, https:\/\/www.woodrive.eu\/wp-content\/uploads\/2022\/09\/visa-secure-blk_72dpi.jpg 396w\" sizes=\"auto, (max-width: 300px) 100vw, 300px\" \/><\/p>\n<p>&nbsp;<\/p>\n<p>&nbsp;<\/p>\n<p>&nbsp;<\/p>\n<p>&nbsp;<\/p>\n<p>&nbsp;<\/p>\n<p>&nbsp;<\/p>\n<p>&nbsp;<\/p>\n<p>&nbsp;<\/p>\n<p>&nbsp;<\/p>\n<p>&nbsp;<\/p>\n<p>NAKUP PREKO LEANPAY-a \u2013 OBRO\u010cNO ODPLA\u010cEVANJE<\/p>\n<p>V spletni trgovini lahko izberete obro\u010dno odpla\u010devanje Leanpay, izbira pla\u010dila je varna in nadvse enostavna. Platforma Leanpay vas vodi skozi celoten pla\u010dilni postopek.<\/p>\n<p>Leanpay je inovativni koncept pla\u010devanja, brez obiska banke in odve\u010dne papirologije, vse uredite v parih minutah, od doma.<\/p>\n<p>&nbsp;<\/p>\n<p>Kaj potrebujete za izvedbo?<\/p>\n<ul>\n<li>osebni dokument Republike Slovenije<\/li>\n<li>mobilni telefon<\/li>\n<li>dav\u010dno \u0161tevilko<\/li>\n<li>\u0161tevilko transakcijskega ra\u010duna<\/li>\n<\/ul>\n<p>&nbsp;<\/p>\n<p>Ve\u010d o na\u010dinu in postopkih izveste na spodnjih povezavah:<\/p>\n<p>Predstavitev Leanpay: <a href=\"https:\/\/www.leanpay.si\/\" target=\"_blank\" rel=\"noopener\">https:\/\/www.leanpay.si\/<\/a><\/p>\n<p>Splo\u0161ni pogoji Leanpay: <a href=\"https:\/\/app.leanpay.si\/terms-of-use\" target=\"_blank\" rel=\"noopener\">https:\/\/app.leanpay.si\/terms-of-use<\/a><\/p>\n<p>Preveri svoj limit: <a href=\"https:\/\/leanpay.zendesk.com\/hc\/sl\/articles\/360013186019-Kako-lahko-vnaprej-preverim-ali-bi-dobil-limit-pri-Leanpay-Kaj-pomeni-gumb-Preveri-svoj-limit-\" target=\"_blank\" rel=\"noopener\">https:\/\/leanpay.zendesk.com\/hc\/sl\/articles\/360013186019-Kako-lahko-vnaprej-preverim-ali-bi-dobil-limit-pri-Leanpay-Kaj-pomeni-gumb-Preveri-svoj-limit-<\/a><\/p>\n<\/div>\n<p>[\/vc_column_text][\/vc_column][\/vc_row][vc_row][vc_column][vc_empty_space height=&#8221;20px&#8221;][vc_single_image image=&#8221;10948&#8243; img_size=&#8221;full&#8221; onclick=&#8221;custom_link&#8221; img_link_target=&#8221;_blank&#8221; link=&#8221;https:\/\/leanpay.zendesk.com\/hc\/sl\/articles\/360013186019-Kako-lahko-vnaprej-preverim-ali-bi-dobil-limit-pri-Leanpay-Kaj-pomeni-gumb-Preveri-svoj-limit-&#8220;][vc_empty_space height=&#8221;80px&#8221;][\/vc_column][\/vc_row]<\/p>\n","protected":false},"excerpt":{"rendered":"<p>[vc_row][vc_column][vc_empty_space height=&#8221;80px&#8221;][vc_column_text] Na\u010din pla\u010dila: Pla\u010dilo po predra\u010dunu Karti\u010dno pla\u010dilo Obro\u010dno odpla\u010devanje Leanpay &nbsp; PLA\u010cILO PO PREDRA\u010cUNU: Ob izbiri pla\u010dila po predra\u010dunu in potrditvi spletnega nakupa, na svoj elektronski naslov prejmete potrditev naro\u010dila. Na potrditvi so navedeni vsi podatki, ki jih potrebujete za uspe\u0161no izvedbo ban\u010dnega nakazila. &nbsp; Podatki za pla\u010dilo [&hellip;]<\/p>\n","protected":false},"author":1,"featured_media":0,"parent":0,"menu_order":0,"comment_status":"closed","ping_status":"closed","template":"","meta":{"footnotes":""},"class_list":["post-10920","page","type-page","status-publish","hentry"],"_links":{"self":[{"href":"https:\/\/www.woodrive.eu\/sl\/wp-json\/wp\/v2\/pages\/10920","targetHints":{"allow":["GET"]}}],"collection":[{"href":"https:\/\/www.woodrive.eu\/sl\/wp-json\/wp\/v2\/pages"}],"about":[{"href":"https:\/\/www.woodrive.eu\/sl\/wp-json\/wp\/v2\/types\/page"}],"author":[{"embeddable":true,"href":"https:\/\/www.woodrive.eu\/sl\/wp-json\/wp\/v2\/users\/1"}],"replies":[{"embeddable":true,"href":"https:\/\/www.woodrive.eu\/sl\/wp-json\/wp\/v2\/comments?post=10920"}],"version-history":[{"count":0,"href":"https:\/\/www.woodrive.eu\/sl\/wp-json\/wp\/v2\/pages\/10920\/revisions"}],"wp:attachment":[{"href":"https:\/\/www.woodrive.eu\/sl\/wp-json\/wp\/v2\/media?parent=10920"}],"curies":[{"name":"wp","href":"https:\/\/api.w.org\/{rel}","templated":true}]}}