{"id":10326,"date":"2022-03-15T11:24:21","date_gmt":"2022-03-15T10:24:21","guid":{"rendered":"https:\/\/www.woodrive.eu\/izdelek\/woodrive-e\/"},"modified":"2024-06-03T13:55:02","modified_gmt":"2024-06-03T11:55:02","slug":"schiebetuersystem-woodrive-e","status":"publish","type":"product","link":"https:\/\/www.woodrive.eu\/de\/produkt\/schiebetuersystem-woodrive-e\/","title":{"rendered":"WooDrive E &#8211; Schiebet\u00fcrsystem"},"content":{"rendered":"","protected":false},"excerpt":{"rendered":"<p>Automatisches Schiebet\u00fcrsystem WooDrive E ist in Eiche und Nussbaum erh\u00e4ltlich. Im System sind die Batterien, welche \u00fcber eine tragbare Akku-PowerBank eingeladen wird. Eine volle Batterien reicht von 300-500 Zyklen aus. Das Schiebesystem Woodrive E ist schnell und einfach installiert, ohne dass zus\u00e4tzliche elektrische Installationen erforderlich sind. Es wird von Sensoren, Touch panels und eine mobile App verwaltet, die die Anpassungen des Betriebsmodus und die Anzeige des Batteriestatus erm\u00f6glicht. Der WooDrive E ist universell und kann an jedem T\u00fcrblatt mit einer St\u00e4rke von 40\u00b12 mm montiert werden. Mehr \u00fcber dem System in der Beschreibung.<\/p>\n<p>&nbsp;<\/p>\n<p>In der Bestellung enthalten ist das automatische Schiebesystem WooDrive E ohne T\u00fcrblatt.<\/p>\n<p>&nbsp;<\/p>\n<p>Zur Bestellung von Innent\u00fcren senden Sie bitte eine Anfrage an <a href=\"https:\/\/www.melu-doors.com\/de\"><span style=\"color: #000000;\"><strong>MELU<\/strong><\/span><\/a>.<\/p>\n<p>&nbsp;<\/p>\n<p><strong>Holzart:<\/strong><\/p>\n<div style=\"width: 100%; margin-top: 15px; display: inline-block;\">\n<div id=\"attachment_6549\" class=\"wp-caption alignleft\" style=\"width: 45%;\">\n<p><a class=\"mkdf-ig-lightbox\" href=\"https:\/\/www.woodrive.eu\/wp-content\/uploads\/2022\/07\/hrast_lezeca.jpg\" data-rel=\"prettyPhoto[image_gallery_pretty_photo-989]\"><img loading=\"lazy\" decoding=\"async\" class=\"wp-image-6549\" src=\"https:\/\/www.woodrive.eu\/wp-content\/uploads\/2022\/07\/hrast_lezeca-300x100.jpg\" alt=\"Eiche\" width=\"250\" height=\"83\" srcset=\"https:\/\/www.woodrive.eu\/wp-content\/uploads\/2022\/07\/hrast_lezeca-300x100.jpg 300w, https:\/\/www.woodrive.eu\/wp-content\/uploads\/2022\/07\/hrast_lezeca.jpg 600w\" sizes=\"auto, (max-width: 250px) 100vw, 250px\" \/><\/a><\/p>\n<p id=\"caption-attachment-6549\" class=\"wp-caption-text\" align=\"center\">Eiche<\/p>\n<\/div>\n<div id=\"attachment_6552\" class=\"wp-caption alignright\" style=\"width: 45%;\">\n<p><a class=\"mkdf-ig-lightbox\" href=\"https:\/\/www.woodrive.eu\/wp-content\/uploads\/2022\/07\/oreh_lezeca.jpg\" data-rel=\"prettyPhoto[image_gallery_pretty_photo-989]\"><img loading=\"lazy\" decoding=\"async\" class=\"wp-image-6552\" src=\"https:\/\/www.woodrive.eu\/wp-content\/uploads\/2022\/07\/oreh_lezeca-300x100.jpg\" alt=\"Nussbaum\" width=\"250\" height=\"83\" srcset=\"https:\/\/www.woodrive.eu\/wp-content\/uploads\/2022\/07\/oreh_lezeca-300x100.jpg 300w, https:\/\/www.woodrive.eu\/wp-content\/uploads\/2022\/07\/oreh_lezeca.jpg 600w\" sizes=\"auto, (max-width: 250px) 100vw, 250px\" \/><\/a><\/p>\n<p id=\"caption-attachment-6552\" class=\"wp-caption-text\" align=\"center\">Nussbaum<\/p>\n<\/div>\n<\/div>\n<div style=\"width: 100%; margin-top: 25px; display: inline-block;\">\n<table border=\"0\" width=\"100%\" cellspacing=\"5\" cellpadding=\"5\">\n<tbody>\n<tr>\n<td style=\"vertical-align: middle;\" align=\"center\"><a href=\"https:\/\/apps.apple.com\/si\/app\/woodrive-by-melu\/id6468082392\" target=\"_blank\" rel=\"noopener\"><img decoding=\"async\" class=\"wp-image-6556 size-thumbnail\" src=\"https:\/\/www.woodrive.eu\/wp-content\/uploads\/2024\/05\/app-store.png\" alt=\"Laden Sie die App herunter\" width=\"110\" \/><\/a><\/td>\n<td style=\"vertical-align: middle;\" align=\"center\"><a href=\"https:\/\/play.google.com\/store\/apps\/details?id=woodrive.melu&amp;hl=en_IN\" target=\"_blank\" rel=\"noopener\"><img decoding=\"async\" class=\"wp-image-6556 size-thumbnail\" src=\"https:\/\/www.woodrive.eu\/wp-content\/uploads\/2024\/05\/google-play.png\" alt=\"Laden Sie die App herunter\" width=\"125\" \/><\/a><\/td>\n<td align=\"center\" valign=\"top\"><img loading=\"lazy\" decoding=\"async\" class=\"wp-image-6559 size-thumbnail\" src=\"https:\/\/www.woodrive.eu\/wp-content\/uploads\/2024\/05\/power-bank-woodrive.png\" alt=\"Power bank\" width=\"87\" height=\"91\" \/><\/td>\n<\/tr>\n<tr>\n<td align=\"center\">Laden Sie die App herunter<\/td>\n<td align=\"center\">Laden Sie die App herunter<\/td>\n<td align=\"center\">Power bank<\/td>\n<\/tr>\n<\/tbody>\n<\/table>\n<\/div>\n<div class=\"popup-btn-wrapper\"><a id=\"contactPopupDE\" class=\"vc_general vc_btn3 vc_btn3-size-lg vc_btn3-shape-square vc_btn3-style-classic vc_btn3-color-black\" title=\"\" href=\"#\">Schnelle Anfrage<\/a><\/div>\n","protected":false},"featured_media":12040,"template":"","meta":{"footnotes":""},"product_cat":[166],"product_tag":[],"class_list":{"0":"post-10326","1":"product","2":"type-product","3":"status-publish","4":"has-post-thumbnail","6":"product_cat-gleitmechanismen","8":"first","9":"instock","10":"taxable","11":"shipping-taxable","12":"product-type-simple"},"_links":{"self":[{"href":"https:\/\/www.woodrive.eu\/de\/wp-json\/wp\/v2\/product\/10326","targetHints":{"allow":["GET"]}}],"collection":[{"href":"https:\/\/www.woodrive.eu\/de\/wp-json\/wp\/v2\/product"}],"about":[{"href":"https:\/\/www.woodrive.eu\/de\/wp-json\/wp\/v2\/types\/product"}],"version-history":[{"count":7,"href":"https:\/\/www.woodrive.eu\/de\/wp-json\/wp\/v2\/product\/10326\/revisions"}],"predecessor-version":[{"id":12887,"href":"https:\/\/www.woodrive.eu\/de\/wp-json\/wp\/v2\/product\/10326\/revisions\/12887"}],"wp:featuredmedia":[{"embeddable":true,"href":"https:\/\/www.woodrive.eu\/de\/wp-json\/wp\/v2\/media\/12040"}],"wp:attachment":[{"href":"https:\/\/www.woodrive.eu\/de\/wp-json\/wp\/v2\/media?parent=10326"}],"wp:term":[{"taxonomy":"product_cat","embeddable":true,"href":"https:\/\/www.woodrive.eu\/de\/wp-json\/wp\/v2\/product_cat?post=10326"},{"taxonomy":"product_tag","embeddable":true,"href":"https:\/\/www.woodrive.eu\/de\/wp-json\/wp\/v2\/product_tag?post=10326"}],"curies":[{"name":"wp","href":"https:\/\/api.w.org\/{rel}","templated":true}]}}