{"id":10317,"date":"2022-03-15T11:20:12","date_gmt":"2022-03-15T10:20:12","guid":{"rendered":"https:\/\/www.woodrive.eu\/izdelek\/woodrive-m\/"},"modified":"2024-05-23T15:07:20","modified_gmt":"2024-05-23T13:07:20","slug":"schiebetuersystem-woodrive-m","status":"publish","type":"product","link":"https:\/\/www.woodrive.eu\/de\/produkt\/schiebetuersystem-woodrive-m\/","title":{"rendered":"Woodrive M &#8211; Schiebet\u00fcrsystem"},"content":{"rendered":"","protected":false},"excerpt":{"rendered":"<p>Dieses manuelle Holzschiebet\u00fcrsystem ist ein funktionaler und \u00e4sthetischer Gewinn f\u00fcr den Wohnraum. Der WooDrive M ist universell und kann an jedem T\u00fcrblatt montiert werden. Es kann mit h\u00f6lzernen oder lackierten Innent\u00fcren kombiniert werden. Unser Angebot umfasst einen Schiebemechanismus in Eichen- oder Nussbaumholz. Beigef\u00fcgt ist eine genaue und klare Bedienungsanleitung f\u00fcr eine einfache Montage.<br \/>\nIn der Bestellung enthalten ist das Schiebesystem WooDrive M ohne T\u00fcrblatt.<br \/>\nZur Bestellung von Innent\u00fcren senden Sie bitte eine Anfrage an <strong><span style=\"color: #000000;\"><a class=\"link_trgovina\" style=\"color: #000000;\" href=\"https:\/\/www.melu.si\" target=\"_blank\" rel=\"noopener\">MELU<\/a><\/span><\/strong>.<\/p>\n<p>&nbsp;<\/p>\n<p><strong>Holzart:<\/strong><\/p>\n<p>[caption id=\"attachment_6549\" align=\"alignleft\" width=\"250\"]<a class=\"mkdf-ig-lightbox\" href=\"https:\/\/www.woodrive.eu\/wp-content\/uploads\/2022\/07\/hrast_lezeca.jpg\" data-rel=\"prettyPhoto[image_gallery_pretty_photo-989]\"><img loading=\"lazy\" decoding=\"async\" class=\"wp-image-6549\" src=\"https:\/\/www.woodrive.eu\/wp-content\/uploads\/2022\/07\/hrast_lezeca-300x100.jpg\" alt=\"Eiche\" width=\"250\" height=\"83\" srcset=\"https:\/\/www.woodrive.eu\/wp-content\/uploads\/2022\/07\/hrast_lezeca-300x100.jpg 300w, https:\/\/www.woodrive.eu\/wp-content\/uploads\/2022\/07\/hrast_lezeca.jpg 600w\" sizes=\"auto, (max-width: 250px) 100vw, 250px\" \/><\/a> Eiche[\/caption][caption id=\"attachment_6552\" align=\"alignleft\" width=\"250\"]<a class=\"mkdf-ig-lightbox\" href=\"https:\/\/www.woodrive.eu\/wp-content\/uploads\/2022\/07\/oreh_lezeca.jpg\" data-rel=\"prettyPhoto[image_gallery_pretty_photo-989]\"><img loading=\"lazy\" decoding=\"async\" class=\"wp-image-6552\" src=\"https:\/\/www.woodrive.eu\/wp-content\/uploads\/2022\/07\/oreh_lezeca-300x100.jpg\" alt=\"Nussbaum\" width=\"250\" height=\"83\" srcset=\"https:\/\/www.woodrive.eu\/wp-content\/uploads\/2022\/07\/oreh_lezeca-300x100.jpg 300w, https:\/\/www.woodrive.eu\/wp-content\/uploads\/2022\/07\/oreh_lezeca.jpg 600w\" sizes=\"auto, (max-width: 250px) 100vw, 250px\" \/><\/a> Nussbaum[\/caption]&nbsp;<\/p>\n<div class=\"popup-btn-wrapper\"><a title=\"\" href=\"#\" id=\"contactPopupDE\" class=\"vc_general vc_btn3 vc_btn3-size-lg vc_btn3-shape-square vc_btn3-style-classic vc_btn3-color-black\">Schnelle Anfrage<\/a><\/div>\n","protected":false},"featured_media":12745,"template":"","meta":{"footnotes":""},"product_cat":[166],"product_tag":[],"class_list":{"0":"post-10317","1":"product","2":"type-product","3":"status-publish","4":"has-post-thumbnail","6":"product_cat-gleitmechanismen","8":"first","9":"instock","10":"taxable","11":"shipping-taxable","12":"product-type-simple"},"_links":{"self":[{"href":"https:\/\/www.woodrive.eu\/de\/wp-json\/wp\/v2\/product\/10317","targetHints":{"allow":["GET"]}}],"collection":[{"href":"https:\/\/www.woodrive.eu\/de\/wp-json\/wp\/v2\/product"}],"about":[{"href":"https:\/\/www.woodrive.eu\/de\/wp-json\/wp\/v2\/types\/product"}],"version-history":[{"count":3,"href":"https:\/\/www.woodrive.eu\/de\/wp-json\/wp\/v2\/product\/10317\/revisions"}],"predecessor-version":[{"id":12880,"href":"https:\/\/www.woodrive.eu\/de\/wp-json\/wp\/v2\/product\/10317\/revisions\/12880"}],"wp:featuredmedia":[{"embeddable":true,"href":"https:\/\/www.woodrive.eu\/de\/wp-json\/wp\/v2\/media\/12745"}],"wp:attachment":[{"href":"https:\/\/www.woodrive.eu\/de\/wp-json\/wp\/v2\/media?parent=10317"}],"wp:term":[{"taxonomy":"product_cat","embeddable":true,"href":"https:\/\/www.woodrive.eu\/de\/wp-json\/wp\/v2\/product_cat?post=10317"},{"taxonomy":"product_tag","embeddable":true,"href":"https:\/\/www.woodrive.eu\/de\/wp-json\/wp\/v2\/product_tag?post=10317"}],"curies":[{"name":"wp","href":"https:\/\/api.w.org\/{rel}","templated":true}]}}